{"id":68,"date":"2022-09-29T05:24:41","date_gmt":"2022-09-29T02:24:41","guid":{"rendered":"https:\/\/fmsaku.com\/?page_id=68"},"modified":"2022-09-29T08:10:13","modified_gmt":"2022-09-29T05:10:13","slug":"hakkimizda","status":"publish","type":"page","link":"https:\/\/fmsaku.com\/tr\/hakkimizda\/","title":{"rendered":"Hakk\u0131m\u0131zda"},"content":{"rendered":"","protected":false},"excerpt":{"rendered":"","protected":false},"author":1,"featured_media":150,"parent":0,"menu_order":0,"comment_status":"closed","ping_status":"closed","template":"temp-aboutus.php","meta":{"footnotes":""},"class_list":["post-68","page","type-page","status-publish","has-post-thumbnail","hentry"],"yoast_head":"<!-- This site is optimized with the Yoast SEO plugin v26.8 - https:\/\/yoast.com\/product\/yoast-seo-wordpress\/ -->\n<title>Hakk\u0131m\u0131zda - FMS Ak\u00fc<\/title>\n<meta name=\"robots\" content=\"index, follow, max-snippet:-1, max-image-preview:large, max-video-preview:-1\" \/>\n<link rel=\"canonical\" href=\"https:\/\/fmsaku.com\/tr\/hakkimizda\/\" \/>\n<meta property=\"og:locale\" content=\"tr_TR\" \/>\n<meta property=\"og:type\" content=\"article\" \/>\n<meta property=\"og:title\" content=\"Hakk\u0131m\u0131zda - FMS Ak\u00fc\" \/>\n<meta property=\"og:url\" content=\"https:\/\/fmsaku.com\/tr\/hakkimizda\/\" \/>\n<meta property=\"og:site_name\" content=\"FMS Ak\u00fc\" \/>\n<meta property=\"article:modified_time\" content=\"2022-09-29T05:10:13+00:00\" \/>\n<meta property=\"og:image\" content=\"https:\/\/fmsaku.com\/wp-content\/uploads\/2022\/09\/bnr3.jpg\" \/>\n\t<meta property=\"og:image:width\" content=\"1920\" \/>\n\t<meta property=\"og:image:height\" content=\"766\" \/>\n\t<meta property=\"og:image:type\" content=\"image\/jpeg\" \/>\n<meta name=\"twitter:card\" content=\"summary_large_image\" \/>\n<script type=\"application\/ld+json\" class=\"yoast-schema-graph\">{\"@context\":\"https:\/\/schema.org\",\"@graph\":[{\"@type\":\"WebPage\",\"@id\":\"https:\/\/fmsaku.com\/tr\/hakkimizda\/\",\"url\":\"https:\/\/fmsaku.com\/tr\/hakkimizda\/\",\"name\":\"Hakk\u0131m\u0131zda - FMS Ak\u00fc\",\"isPartOf\":{\"@id\":\"https:\/\/fmsaku.com\/tr\/#website\"},\"primaryImageOfPage\":{\"@id\":\"https:\/\/fmsaku.com\/tr\/hakkimizda\/#primaryimage\"},\"image\":{\"@id\":\"https:\/\/fmsaku.com\/tr\/hakkimizda\/#primaryimage\"},\"thumbnailUrl\":\"https:\/\/fmsaku.com\/wp-content\/uploads\/2022\/09\/bnr3.jpg\",\"datePublished\":\"2022-09-29T02:24:41+00:00\",\"dateModified\":\"2022-09-29T05:10:13+00:00\",\"breadcrumb\":{\"@id\":\"https:\/\/fmsaku.com\/tr\/hakkimizda\/#breadcrumb\"},\"inLanguage\":\"tr\",\"potentialAction\":[{\"@type\":\"ReadAction\",\"target\":[\"https:\/\/fmsaku.com\/tr\/hakkimizda\/\"]}]},{\"@type\":\"ImageObject\",\"inLanguage\":\"tr\",\"@id\":\"https:\/\/fmsaku.com\/tr\/hakkimizda\/#primaryimage\",\"url\":\"https:\/\/fmsaku.com\/wp-content\/uploads\/2022\/09\/bnr3.jpg\",\"contentUrl\":\"https:\/\/fmsaku.com\/wp-content\/uploads\/2022\/09\/bnr3.jpg\",\"width\":1920,\"height\":766},{\"@type\":\"BreadcrumbList\",\"@id\":\"https:\/\/fmsaku.com\/tr\/hakkimizda\/#breadcrumb\",\"itemListElement\":[{\"@type\":\"ListItem\",\"position\":1,\"name\":\"Anasayfa\",\"item\":\"https:\/\/fmsaku.com\/tr\/\"},{\"@type\":\"ListItem\",\"position\":2,\"name\":\"Hakk\u0131m\u0131zda\"}]},{\"@type\":\"WebSite\",\"@id\":\"https:\/\/fmsaku.com\/tr\/#website\",\"url\":\"https:\/\/fmsaku.com\/tr\/\",\"name\":\"Fms Ak\u00fc Ak\u00fc Servisi\",\"description\":\"\",\"publisher\":{\"@id\":\"https:\/\/fmsaku.com\/tr\/#organization\"},\"potentialAction\":[{\"@type\":\"SearchAction\",\"target\":{\"@type\":\"EntryPoint\",\"urlTemplate\":\"https:\/\/fmsaku.com\/tr\/?s={search_term_string}\"},\"query-input\":{\"@type\":\"PropertyValueSpecification\",\"valueRequired\":true,\"valueName\":\"search_term_string\"}}],\"inLanguage\":\"tr\"},{\"@type\":\"Organization\",\"@id\":\"https:\/\/fmsaku.com\/tr\/#organization\",\"name\":\"Fms Ak\u00fc Ak\u00fc Servisi\",\"url\":\"https:\/\/fmsaku.com\/tr\/\",\"logo\":{\"@type\":\"ImageObject\",\"inLanguage\":\"tr\",\"@id\":\"https:\/\/fmsaku.com\/tr\/#\/schema\/logo\/image\/\",\"url\":\"https:\/\/fmsaku.com\/wp-content\/uploads\/2022\/09\/logo-4.png\",\"contentUrl\":\"https:\/\/fmsaku.com\/wp-content\/uploads\/2022\/09\/logo-4.png\",\"width\":258,\"height\":75,\"caption\":\"Fms Ak\u00fc Ak\u00fc Servisi\"},\"image\":{\"@id\":\"https:\/\/fmsaku.com\/tr\/#\/schema\/logo\/image\/\"}}]}<\/script>\n<!-- \/ Yoast SEO plugin. -->","yoast_head_json":{"title":"Hakk\u0131m\u0131zda - FMS Ak\u00fc","robots":{"index":"index","follow":"follow","max-snippet":"max-snippet:-1","max-image-preview":"max-image-preview:large","max-video-preview":"max-video-preview:-1"},"canonical":"https:\/\/fmsaku.com\/tr\/hakkimizda\/","og_locale":"tr_TR","og_type":"article","og_title":"Hakk\u0131m\u0131zda - FMS Ak\u00fc","og_url":"https:\/\/fmsaku.com\/tr\/hakkimizda\/","og_site_name":"FMS Ak\u00fc","article_modified_time":"2022-09-29T05:10:13+00:00","og_image":[{"width":1920,"height":766,"url":"https:\/\/fmsaku.com\/wp-content\/uploads\/2022\/09\/bnr3.jpg","type":"image\/jpeg"}],"twitter_card":"summary_large_image","schema":{"@context":"https:\/\/schema.org","@graph":[{"@type":"WebPage","@id":"https:\/\/fmsaku.com\/tr\/hakkimizda\/","url":"https:\/\/fmsaku.com\/tr\/hakkimizda\/","name":"Hakk\u0131m\u0131zda - FMS Ak\u00fc","isPartOf":{"@id":"https:\/\/fmsaku.com\/tr\/#website"},"primaryImageOfPage":{"@id":"https:\/\/fmsaku.com\/tr\/hakkimizda\/#primaryimage"},"image":{"@id":"https:\/\/fmsaku.com\/tr\/hakkimizda\/#primaryimage"},"thumbnailUrl":"https:\/\/fmsaku.com\/wp-content\/uploads\/2022\/09\/bnr3.jpg","datePublished":"2022-09-29T02:24:41+00:00","dateModified":"2022-09-29T05:10:13+00:00","breadcrumb":{"@id":"https:\/\/fmsaku.com\/tr\/hakkimizda\/#breadcrumb"},"inLanguage":"tr","potentialAction":[{"@type":"ReadAction","target":["https:\/\/fmsaku.com\/tr\/hakkimizda\/"]}]},{"@type":"ImageObject","inLanguage":"tr","@id":"https:\/\/fmsaku.com\/tr\/hakkimizda\/#primaryimage","url":"https:\/\/fmsaku.com\/wp-content\/uploads\/2022\/09\/bnr3.jpg","contentUrl":"https:\/\/fmsaku.com\/wp-content\/uploads\/2022\/09\/bnr3.jpg","width":1920,"height":766},{"@type":"BreadcrumbList","@id":"https:\/\/fmsaku.com\/tr\/hakkimizda\/#breadcrumb","itemListElement":[{"@type":"ListItem","position":1,"name":"Anasayfa","item":"https:\/\/fmsaku.com\/tr\/"},{"@type":"ListItem","position":2,"name":"Hakk\u0131m\u0131zda"}]},{"@type":"WebSite","@id":"https:\/\/fmsaku.com\/tr\/#website","url":"https:\/\/fmsaku.com\/tr\/","name":"Fms Ak\u00fc Ak\u00fc Servisi","description":"","publisher":{"@id":"https:\/\/fmsaku.com\/tr\/#organization"},"potentialAction":[{"@type":"SearchAction","target":{"@type":"EntryPoint","urlTemplate":"https:\/\/fmsaku.com\/tr\/?s={search_term_string}"},"query-input":{"@type":"PropertyValueSpecification","valueRequired":true,"valueName":"search_term_string"}}],"inLanguage":"tr"},{"@type":"Organization","@id":"https:\/\/fmsaku.com\/tr\/#organization","name":"Fms Ak\u00fc Ak\u00fc Servisi","url":"https:\/\/fmsaku.com\/tr\/","logo":{"@type":"ImageObject","inLanguage":"tr","@id":"https:\/\/fmsaku.com\/tr\/#\/schema\/logo\/image\/","url":"https:\/\/fmsaku.com\/wp-content\/uploads\/2022\/09\/logo-4.png","contentUrl":"https:\/\/fmsaku.com\/wp-content\/uploads\/2022\/09\/logo-4.png","width":258,"height":75,"caption":"Fms Ak\u00fc Ak\u00fc Servisi"},"image":{"@id":"https:\/\/fmsaku.com\/tr\/#\/schema\/logo\/image\/"}}]}},"_links":{"self":[{"href":"https:\/\/fmsaku.com\/tr\/wp-json\/wp\/v2\/pages\/68","targetHints":{"allow":["GET"]}}],"collection":[{"href":"https:\/\/fmsaku.com\/tr\/wp-json\/wp\/v2\/pages"}],"about":[{"href":"https:\/\/fmsaku.com\/tr\/wp-json\/wp\/v2\/types\/page"}],"author":[{"embeddable":true,"href":"https:\/\/fmsaku.com\/tr\/wp-json\/wp\/v2\/users\/1"}],"replies":[{"embeddable":true,"href":"https:\/\/fmsaku.com\/tr\/wp-json\/wp\/v2\/comments?post=68"}],"version-history":[{"count":1,"href":"https:\/\/fmsaku.com\/tr\/wp-json\/wp\/v2\/pages\/68\/revisions"}],"predecessor-version":[{"id":69,"href":"https:\/\/fmsaku.com\/tr\/wp-json\/wp\/v2\/pages\/68\/revisions\/69"}],"wp:featuredmedia":[{"embeddable":true,"href":"https:\/\/fmsaku.com\/tr\/wp-json\/wp\/v2\/media\/150"}],"wp:attachment":[{"href":"https:\/\/fmsaku.com\/tr\/wp-json\/wp\/v2\/media?parent=68"}],"curies":[{"name":"wp","href":"https:\/\/api.w.org\/{rel}","templated":true}]}}